{"id":264,"date":"2018-03-25T12:00:41","date_gmt":"2018-03-25T10:00:41","guid":{"rendered":"https:\/\/djbens.com\/mentions-legales\/"},"modified":"2018-04-03T18:03:03","modified_gmt":"2018-04-03T16:03:03","slug":"mentions-legales","status":"publish","type":"page","link":"https:\/\/djbens.com\/en\/mentions-legales\/","title":{"rendered":"Mentions l\u00e9gales"},"content":{"rendered":"<p class=\"p1\">Conform\u00e9ment aux dispositions de la loi n\u00b0 2004-575 du 21 juin 2004 pour la confiance en l&#8217;\u00e9conomie num\u00e9rique, il est pr\u00e9cis\u00e9 aux utilisateurs du site djbens.com l&#8217;identit\u00e9 des diff\u00e9rents intervenants dans le cadre de sa r\u00e9alisation et de son suivi.<\/p>\n<p>&nbsp;<\/p>\n<p class=\"p1\"><b>\u00c9DITION DU SITE<\/b><br \/>\nLe site <a href=\"https:\/\/djbens.com\"><span class=\"s1\">djbens.com<\/span><\/a> est \u00e9dit\u00e9 par la soci\u00e9t\u00e9 SNC AGENCE ANTIDOTE au capital social de 1 000\u20ac, immatricul\u00e9e au Registre du commerce et des soci\u00e9t\u00e9s de Montpellier sous le n\u00b0 831 930 391 et dont le si\u00e8ge social est situ\u00e9 145 RUE JOE DASSIN 34080 MONTPELLIER (TVA intracommunautaire n\u00b0 FR 38 831 930 391).<\/p>\n<p>&nbsp;<\/p>\n<p class=\"p1\"><b>RESPONSABLE DE PUBLICATION<\/b><br \/>\nMonsieur Dylan Chubb<\/p>\n<p>&nbsp;<\/p>\n<p class=\"p1\"><b>H\u00c9BERGEUR<\/b><br \/>\nLe site djbens.com est h\u00e9berg\u00e9 par la soci\u00e9t\u00e9 OVH S.A. &#8211; 2 Rue Kellermann 59100 Roubaix France<\/p>\n<p>&nbsp;<\/p>\n<p class=\"p1\"><b>NOUS CONTACTER<\/b><br \/>\nPar t\u00e9l\u00e9phone : +33 (0)6 58 36 67 22<br \/>\nPar email : contact@djbens.com<\/p>\n<p>&nbsp;<\/p>\n<p class=\"p1\"><b>CNIL<\/b><br \/>\nLa collecte et le traitement informatique des donn\u00e9es nominatives par la Soci\u00e9t\u00e9 a fait l&#8217;objet d&#8217;une d\u00e9claration simplifi\u00e9e aupr\u00e8s de l&#8217;autorit\u00e9 fran\u00e7aise de protection des donn\u00e9es personnelles (la Commission Nationale de l&#8217;Informatique et des Libert\u00e9s &#8211; CNIL) (En cours d\u2019attribution).<\/p>\n<p class=\"p1\">Les informations recueillies font l\u2019objet d\u2019un traitement informatique destin\u00e9 \u00e0 vous contacter via notre site internet. Les destinataires des donn\u00e9es sont la soci\u00e9t\u00e9 SNC AGENCE ANTIDOTE.<\/p>\n<p class=\"p1\">Conform\u00e9ment \u00e0 la loi &#8221; informatique et libert\u00e9s &#8221; du 6 janvier 1978 modifi\u00e9e en 2004, vous b\u00e9n\u00e9ficiez d\u2019un droit d\u2019acc\u00e8s et de rectification aux informations qui vous concernent, que vous pouvez exercer en vous adressant \u00e0 :<\/p>\n<p class=\"p1\">SNC Agence Antidote<br \/>\n145 RUE JOE DASSIN<br \/>\n34080 MONTPELLIER &#8211; France<\/p>\n<p class=\"p1\">Vous pouvez \u00e9galement, pour des motifs l\u00e9gitimes, vous opposer au traitement des donn\u00e9es vous concernant.<\/p>\n","protected":false},"excerpt":{"rendered":"<p>Conform\u00e9ment aux dispositions de la loi n\u00b0 2004-575 du 21 juin 2004 pour la confiance en l&#8217;\u00e9conomie num\u00e9rique, il est pr\u00e9cis\u00e9 aux utilisateurs du site djbens.com l&#8217;identit\u00e9 des diff\u00e9rents intervenants dans le cadre de sa r\u00e9alisation et de son suivi. &nbsp; \u00c9DITION DU SITE Le site djbens.com est \u00e9dit\u00e9 par la soci\u00e9t\u00e9 SNC AGENCE ANTIDOTE&hellip;<\/p>\n","protected":false},"author":1,"featured_media":0,"parent":0,"menu_order":0,"comment_status":"closed","ping_status":"closed","template":"","meta":{"footnotes":""},"aioseo_notices":[],"_links":{"self":[{"href":"https:\/\/djbens.com\/en\/wp-json\/wp\/v2\/pages\/264"}],"collection":[{"href":"https:\/\/djbens.com\/en\/wp-json\/wp\/v2\/pages"}],"about":[{"href":"https:\/\/djbens.com\/en\/wp-json\/wp\/v2\/types\/page"}],"author":[{"embeddable":true,"href":"https:\/\/djbens.com\/en\/wp-json\/wp\/v2\/users\/1"}],"replies":[{"embeddable":true,"href":"https:\/\/djbens.com\/en\/wp-json\/wp\/v2\/comments?post=264"}],"version-history":[{"count":1,"href":"https:\/\/djbens.com\/en\/wp-json\/wp\/v2\/pages\/264\/revisions"}],"predecessor-version":[{"id":269,"href":"https:\/\/djbens.com\/en\/wp-json\/wp\/v2\/pages\/264\/revisions\/269"}],"wp:attachment":[{"href":"https:\/\/djbens.com\/en\/wp-json\/wp\/v2\/media?parent=264"}],"curies":[{"name":"wp","href":"https:\/\/api.w.org\/{rel}","templated":true}]}}